{"id":293,"date":"2025-02-14T19:12:58","date_gmt":"2025-02-14T18:12:58","guid":{"rendered":"https:\/\/kamilatylicka.pl\/?page_id=293"},"modified":"2025-02-14T19:12:58","modified_gmt":"2025-02-14T18:12:58","slug":"asertywna-komunikacja","status":"publish","type":"page","link":"https:\/\/kamilatylicka.pl\/en\/oferta\/asertywna-komunikacja\/","title":{"rendered":"Assertive communication"},"content":{"rendered":"<p>Do you always want to be liked \u2014 and sometimes pay the price for it?<\/p>\n\n\n\n<p>Or maybe you\u2019re the opposite: you know how to say \u201cno\u201d and don\u2019t care much whether others like it or not.\n\nStill\u2026 you might notice the space around you feels a little empty. People seem to keep their distance. Sometimes, someone even bursts into tears \u2014 and you\u2019re not quite sure why.<\/p>\n\n\n\n<p>Join me for a workshop on assertive communication.<\/p>\n\n\n\n<p><strong>We\u2019ll explore:<\/strong><\/p>\n\n\n\n<ol class=\"wp-block-list\">\n<li>Foundations of communication<\/li>\n\n\n\n<li>Assertiveness<\/li>\n\n\n\n<li>Introduction to Nonviolent Communication (NVC)<\/li>\n\n\n\n<li>Basics of Transactional Analysis<\/li>\n\n\n\n<li>Assertive adult-to-adult communication in the spirit of NVC \u2013 practical exercises<\/li>\n\n\n\n<li>Reflections and integration<\/li>\n<\/ol>\n\n\n\n<p><\/p>","protected":false},"excerpt":{"rendered":"<p>Lubisz by\u0107 zawsze lubiany\/a, i potem r\u00f3\u017cnie na tym wychodzisz? A mo\u017ce w\u0142a\u015bnie umiesz m\u00f3wi\u0107 \u201cnie\u201d i nie obchodzi Ci\u0119, czy komu\u015b si\u0119 to podoba, czy nie. Jednocze\u015bnie, jako\u015b tak [&hellip;]<\/p>","protected":false},"author":1,"featured_media":0,"parent":232,"menu_order":0,"comment_status":"closed","ping_status":"closed","template":"","meta":{"footnotes":""},"class_list":["post-293","page","type-page","status-publish","hentry"],"_links":{"self":[{"href":"https:\/\/kamilatylicka.pl\/en\/wp-json\/wp\/v2\/pages\/293","targetHints":{"allow":["GET"]}}],"collection":[{"href":"https:\/\/kamilatylicka.pl\/en\/wp-json\/wp\/v2\/pages"}],"about":[{"href":"https:\/\/kamilatylicka.pl\/en\/wp-json\/wp\/v2\/types\/page"}],"author":[{"embeddable":true,"href":"https:\/\/kamilatylicka.pl\/en\/wp-json\/wp\/v2\/users\/1"}],"replies":[{"embeddable":true,"href":"https:\/\/kamilatylicka.pl\/en\/wp-json\/wp\/v2\/comments?post=293"}],"version-history":[{"count":1,"href":"https:\/\/kamilatylicka.pl\/en\/wp-json\/wp\/v2\/pages\/293\/revisions"}],"predecessor-version":[{"id":294,"href":"https:\/\/kamilatylicka.pl\/en\/wp-json\/wp\/v2\/pages\/293\/revisions\/294"}],"up":[{"embeddable":true,"href":"https:\/\/kamilatylicka.pl\/en\/wp-json\/wp\/v2\/pages\/232"}],"wp:attachment":[{"href":"https:\/\/kamilatylicka.pl\/en\/wp-json\/wp\/v2\/media?parent=293"}],"curies":[{"name":"wp","href":"https:\/\/api.w.org\/{rel}","templated":true}]}}