{"id":313,"date":"2025-02-14T19:35:47","date_gmt":"2025-02-14T18:35:47","guid":{"rendered":"https:\/\/kamilatylicka.pl\/?page_id=313"},"modified":"2025-02-14T19:35:47","modified_gmt":"2025-02-14T18:35:47","slug":"tlenowa-przewaga","status":"publish","type":"page","link":"https:\/\/kamilatylicka.pl\/en\/tlenowa-przewaga\/","title":{"rendered":"Oxygen Advantage"},"content":{"rendered":"<p class=\"translation-block\"><strong>The Oxygen Advantage Method<\/strong> is a program developed by Patrick McKeown, based on the breathing principles established by Dr. Konstantin Buteyko, and expanded to include elements that enhance physical performance.\n\nThe core idea behind this method is to optimize the body\u2019s use of oxygen through conscious control of the breath.<\/p>\n\n\n\n<p>This method emphasizes nasal breathing \u2014 not mouth breathing \u2014 even during physical exercise, which can be seen as a controversial yet powerful shift.&nbsp;<\/p>\n\n\n\n<p>Oxygen Advantage offers a progressive, body-and-mind-aligned approach to:<\/p>\n\n\n\n<p>\u2013 increasing VO\u2082 max (oxygen uptake capacity)&nbsp;<\/p>\n\n\n\n<p>\u2013 improving endurance and athletic performance&nbsp;<\/p>\n\n\n\n<p>\u2013 accelerating post-exercise recovery<\/p>\n\n\n\n<p>\u2013 speeding up healing of inflammation in muscles and joints after injury<\/p>\n\n\n\n<p>\u2013 enhancing metabolism and sleep quality, by supporting cortisol\u2013melatonin balance<\/p>\n\n\n\n<p>\u2013 reducing symptoms of asthma (including exercise-induced asthma) and other respiratory conditions<\/p>\n\n\n\n<p>\u2013 decreasing stress and improving mental health by enhancing oxygenation during physical activity and utilizing the calming effect of CO\u2082 on the nervous system<\/p>\n\n\n\n<p><strong>Further reading:<\/strong><\/p>\n\n\n\n<p>Patrick McKeown \u2014 The Oxygen Advantage<\/p>\n\n\n\n<p><a href=\"https:\/\/oxygenadvantage.com\/?gad_source=1&amp;gclid=Cj0KCQiA-5a9BhCBARIsACwMkJ5BGHkp9LcwM4VO-iQvGYd74Rwr8_ZdDtzB7MRt5GoJiAZotgtfeOAaAtDKEALw_wcB\">https:\/\/oxygenadvantage.com\/?gad_source=1&amp;gclid=Cj0KCQiA-5a9BhCBARIsACwMkJ5BGHkp9LcwM4VO-iQvGYd74Rwr8_ZdDtzB7MRt5GoJiAZotgtfeOAaAtDKEALw_wcB<\/a><\/p>\n\n\n\n<p><a href=\"https:\/\/oxygenadvantage.com\/science\/?_gl=1*7fpvuu*_up*MQ..*_gs*MQ..&amp;gclid=Cj0KCQiA-5a9BhCBARIsACwMkJ5BGHkp9LcwM4VO-iQvGYd74Rwr8_ZdDtzB7MRt5GoJiAZotgtfeOAaAtDKEALw_wcB\">https:\/\/oxygenadvantage.com\/science\/?_gl=1*7fpvuu*_up*MQ..*_gs*MQ..&amp;gclid=Cj0KCQiA-5a9BhCBARIsACwMkJ5BGHkp9LcwM4VO-iQvGYd74Rwr8_ZdDtzB7MRt5GoJiAZotgtfeOAaAtDKEALw_wcB<\/a><\/p>","protected":false},"excerpt":{"rendered":"<p>Metoda \u201cTlenowej Przewagi\u201d (ang. Oxygen Advantage) to program opracowany przez Patricka McKeowna, kt\u00f3ry bazuje na zasadach oddychania opracowanych przez Konstantyna Butejk\u0119, i rozszerza je o aspekty dotycz\u0105ce poprawy wydolno\u015bci fizycznej. [&hellip;]<\/p>","protected":false},"author":1,"featured_media":0,"parent":0,"menu_order":0,"comment_status":"closed","ping_status":"closed","template":"","meta":{"footnotes":""},"class_list":["post-313","page","type-page","status-publish","hentry"],"_links":{"self":[{"href":"https:\/\/kamilatylicka.pl\/en\/wp-json\/wp\/v2\/pages\/313","targetHints":{"allow":["GET"]}}],"collection":[{"href":"https:\/\/kamilatylicka.pl\/en\/wp-json\/wp\/v2\/pages"}],"about":[{"href":"https:\/\/kamilatylicka.pl\/en\/wp-json\/wp\/v2\/types\/page"}],"author":[{"embeddable":true,"href":"https:\/\/kamilatylicka.pl\/en\/wp-json\/wp\/v2\/users\/1"}],"replies":[{"embeddable":true,"href":"https:\/\/kamilatylicka.pl\/en\/wp-json\/wp\/v2\/comments?post=313"}],"version-history":[{"count":1,"href":"https:\/\/kamilatylicka.pl\/en\/wp-json\/wp\/v2\/pages\/313\/revisions"}],"predecessor-version":[{"id":314,"href":"https:\/\/kamilatylicka.pl\/en\/wp-json\/wp\/v2\/pages\/313\/revisions\/314"}],"wp:attachment":[{"href":"https:\/\/kamilatylicka.pl\/en\/wp-json\/wp\/v2\/media?parent=313"}],"curies":[{"name":"wp","href":"https:\/\/api.w.org\/{rel}","templated":true}]}}